{"id":2011,"date":"2023-08-23T19:20:35","date_gmt":"2023-08-23T17:20:35","guid":{"rendered":"https:\/\/ruderclub-hassia.de\/?page_id=2011"},"modified":"2023-08-28T01:13:35","modified_gmt":"2023-08-27T23:13:35","slug":"sponsoring","status":"publish","type":"page","link":"https:\/\/ruderclub-hassia.de\/?page_id=2011","title":{"rendered":"Sponsoring"},"content":{"rendered":"\n<p class=\"has-x-large-font-size\"><strong>&#8222;VISION OLYMPIA&#8220; &#8211; WERDEN SIE PARTNER DES ERFOLGS<\/strong><\/p>\n\n\n\n<p class=\"has-medium-font-size\">GEMEINSAM HANAUS JUGEND F\u00d6RDERN \/ GESELLSCHAFTLICHE WERTE SCHAFFEN<\/p>\n\n\n\n<div class=\"wp-block-group\"><div class=\"wp-block-group__inner-container is-layout-constrained wp-block-group-is-layout-constrained\">\n<div class=\"wp-block-columns is-layout-flex wp-container-core-columns-is-layout-9d6595d7 wp-block-columns-is-layout-flex\">\n<div class=\"wp-block-column is-layout-flow wp-block-column-is-layout-flow\" style=\"flex-basis:100%\">\n<figure class=\"wp-block-embed aligncenter is-type-video is-provider-youtube wp-block-embed-youtube wp-embed-aspect-16-9 wp-has-aspect-ratio\"><div class=\"wp-block-embed__wrapper\">\n<iframe loading=\"lazy\" title=\"HASSIA.WIR.SEIT1904.\" width=\"500\" height=\"281\" src=\"https:\/\/www.youtube.com\/embed\/0_8ykCfUEYg?feature=oembed\" frameborder=\"0\" allow=\"accelerometer; autoplay; clipboard-write; encrypted-media; gyroscope; picture-in-picture; web-share\" referrerpolicy=\"strict-origin-when-cross-origin\" allowfullscreen><\/iframe>\n<\/div><figcaption class=\"wp-element-caption\">HASSIA.WIR.SEIT1904.<\/figcaption><\/figure>\n<\/div>\n<\/div>\n\n\n\n<p class=\"has-drop-cap has-text-align-left\">Weltmeister oder Olympiateilnehmer aus Hanau brauchen nicht immer einen Ball am Fu\u00df. Rudern ist seit der vorherigen Jahrhundertwende fester Bestandteil der Hanauer Gesellschaft \u2013 und das mit gro\u00dfen Erfolgen. Teilnahmen an Olympischen Spielen, Welt- und Europameister-Titel, Deutsche Meisterschaften \u2013 viele von ihnen haben in den letzten Jahrzehnten ihre Wurzeln beim Hanauer R.C. Hassia. Die Basis liefert seit \u00fcber 80 Jahren eine&nbsp;engagierte Zusammenarbeit mit Stadt, Land, Sportverb\u00e4nden, dem staatlichen Schulamt, der Karl-Rehbein-Schule und ihren Lehrkr\u00e4ften und den Eltern. Allein in den vergangenen zehn Jahren starteten Hassia-Aktive rund 50-mal auf internationalen Meisterschaften im Deutschland-Trikot.<\/p>\n<\/div><\/div>\n\n\n\n<p>In einer Zeit, in der wir von technologischen Fortschritten und virtuellen Einfl\u00fcssen umgeben sind, ist es entscheidend, k\u00f6rperliche Aktivit\u00e4t bei Kindern und soziales Engagement weiterhin zu f\u00f6rdern. <\/p>\n\n\n\n<p><strong>F\u00fcr den Erfolg eines Vereins braucht es ein nachhaltiges Jugend-Konzept. Das haben wir! <\/strong><\/p>\n\n\n\n<p><strong>Und engagierte Partner! Dabei setzen wir auf Sie!<\/strong><\/p>\n\n\n\n<p><\/p>\n\n\n\n<div class=\"wp-block-group has-background is-vertical is-layout-flex wp-container-core-group-is-layout-8cad6afd wp-block-group-is-layout-flex\" style=\"background:radial-gradient(rgb(238,238,238) 0%,rgb(169,184,195) 83%)\">\n<p class=\"has-large-font-size\"> Hanauer Ruderclub Hassia<\/p>\n\n\n\n<p class=\"has-medium-font-size\"> <strong>#MainErfolgsverein<\/strong><\/p>\n\n\n<ul style=\"padding-left: 1.1em; text-align: left; --ub-list-item-icon-top: 3px;; --ub-list-item-icon-size: 0.9em; --ub-list-item-background-image: url('data:image\/svg+xml;utf8,&lt;svg xmlns=&quot;http:\/\/www.w3.org\/2000\/svg&quot; viewBox=&quot;0 0 512 512&quot;&gt;&lt;path fill=&quot;%23000000&quot; d=&quot;M0 256a256 256 0 1 0 512 0A256 256 0 1 0 0 256zM294.6 135.1l99.9 107.1c3.5 3.8 5.5 8.7 5.5 13.8s-2 10.1-5.5 13.8L294.6 376.9c-4.2 4.5-10.1 7.1-16.3 7.1C266 384 256 374 256 361.7l0-57.7-96 0c-17.7 0-32-14.3-32-32l0-32c0-17.7 14.3-32 32-32l96 0 0-57.7c0-12.3 10-22.3 22.3-22.3c6.2 0 12.1 2.6 16.3 7.1z&quot;&gt;&lt;\/path&gt;&lt;\/svg&gt;'); --ub-list-item-fa-li-top: 3px; --ub-list-item-spacing: 0px; column-count: 1; --ub-list-mobile-column-count: 1; \" class=\"wp-block-ub-styled-list ub_styled_list\" id=\"ub_styled_list-130db27c-a117-4911-af20-80114ccc9b6a\">\n<li class=\"ub_styled_list_item\" style=\"--ub-list-item-icon-top: 3px; --ub-list-item-icon-size: 0.9em; --ub-list-item-background-image: url('data:image\/svg+xml;utf8,&lt;svg xmlns=&quot;http:\/\/www.w3.org\/2000\/svg&quot; viewBox=&quot;0 0 512 512&quot;&gt;&lt;path fill=&quot;%23000000&quot; d=&quot;M0 256a256 256 0 1 0 512 0A256 256 0 1 0 0 256zM294.6 135.1l99.9 107.1c3.5 3.8 5.5 8.7 5.5 13.8s-2 10.1-5.5 13.8L294.6 376.9c-4.2 4.5-10.1 7.1-16.3 7.1C266 384 256 374 256 361.7l0-57.7-96 0c-17.7 0-32-14.3-32-32l0-32c0-17.7 14.3-32 32-32l96 0 0-57.7c0-12.3 10-22.3 22.3-22.3c6.2 0 12.1 2.6 16.3 7.1z&quot;&gt;&lt;\/path&gt;&lt;\/svg&gt;'); \" id=\"ub-styled-list-item-58cc9d8f-fbc7-4c2c-bbc0-64a549c9e2b5\">\n\t\t\t<div class=\"ub_list_item_content\">\n\t\t\t\t<span class=\"ub_list_item_icon\">\n\t\t\t\t\t<svg width=\"0.9em\" height=\"0.9em\" xmlns=\"http:\/\/www.w3.org\/2000\/svg\" viewbox=\"0 0 512 512\"><path fill=\"#000000\" d=\"M0 256a256 256 0 1 0 512 0A256 256 0 1 0 0 256zM294.6 135.1l99.9 107.1c3.5 3.8 5.5 8.7 5.5 13.8s-2 10.1-5.5 13.8L294.6 376.9c-4.2 4.5-10.1 7.1-16.3 7.1C266 384 256 374 256 361.7l0-57.7-96 0c-17.7 0-32-14.3-32-32l0-32c0-17.7 14.3-32 32-32l96 0 0-57.7c0-12.3 10-22.3 22.3-22.3c6.2 0 12.1 2.6 16.3 7.1z\"><\/path><\/svg>\n\t\t\t\t<\/span>\n\t\t\t\t<span class=\"ub_list_item_text\">Wir\u00a0verpflichten\u00a0uns\u00a0dem\u00a0Leistungssport\u00a0Rudern.<\/span>\n\t\t\t<\/div>\n\t\t\t\n\t\t<\/li>\n<\/ul>\n\n<ul style=\"padding-left: 1.1em; text-align: left; --ub-list-item-icon-top: 3px;; --ub-list-item-icon-size: 0.9em; --ub-list-item-background-image: url('data:image\/svg+xml;utf8,&lt;svg xmlns=&quot;http:\/\/www.w3.org\/2000\/svg&quot; viewBox=&quot;0 0 512 512&quot;&gt;&lt;path fill=&quot;%23000000&quot; d=&quot;M0 256a256 256 0 1 0 512 0A256 256 0 1 0 0 256zM294.6 135.1l99.9 107.1c3.5 3.8 5.5 8.7 5.5 13.8s-2 10.1-5.5 13.8L294.6 376.9c-4.2 4.5-10.1 7.1-16.3 7.1C266 384 256 374 256 361.7l0-57.7-96 0c-17.7 0-32-14.3-32-32l0-32c0-17.7 14.3-32 32-32l96 0 0-57.7c0-12.3 10-22.3 22.3-22.3c6.2 0 12.1 2.6 16.3 7.1z&quot;&gt;&lt;\/path&gt;&lt;\/svg&gt;'); --ub-list-item-fa-li-top: 3px; --ub-list-item-spacing: 0px; column-count: 1; --ub-list-mobile-column-count: 1; \" class=\"wp-block-ub-styled-list ub_styled_list\" id=\"ub_styled_list-ae7c3d75-e793-494c-bff7-8363cea3e67c\">\n<li class=\"ub_styled_list_item\" style=\"--ub-list-item-icon-top: 3px; --ub-list-item-icon-size: 0.9em; --ub-list-item-background-image: url('data:image\/svg+xml;utf8,&lt;svg xmlns=&quot;http:\/\/www.w3.org\/2000\/svg&quot; viewBox=&quot;0 0 512 512&quot;&gt;&lt;path fill=&quot;%23000000&quot; d=&quot;M0 256a256 256 0 1 0 512 0A256 256 0 1 0 0 256zM294.6 135.1l99.9 107.1c3.5 3.8 5.5 8.7 5.5 13.8s-2 10.1-5.5 13.8L294.6 376.9c-4.2 4.5-10.1 7.1-16.3 7.1C266 384 256 374 256 361.7l0-57.7-96 0c-17.7 0-32-14.3-32-32l0-32c0-17.7 14.3-32 32-32l96 0 0-57.7c0-12.3 10-22.3 22.3-22.3c6.2 0 12.1 2.6 16.3 7.1z&quot;&gt;&lt;\/path&gt;&lt;\/svg&gt;'); \" id=\"ub-styled-list-item-727047ef-0b07-4ace-bdbb-e25e13cbe2b7\">\n\t\t\t<div class=\"ub_list_item_content\">\n\t\t\t\t<span class=\"ub_list_item_icon\">\n\t\t\t\t\t<svg width=\"0.9em\" height=\"0.9em\" xmlns=\"http:\/\/www.w3.org\/2000\/svg\" viewbox=\"0 0 512 512\"><path fill=\"#000000\" d=\"M0 256a256 256 0 1 0 512 0A256 256 0 1 0 0 256zM294.6 135.1l99.9 107.1c3.5 3.8 5.5 8.7 5.5 13.8s-2 10.1-5.5 13.8L294.6 376.9c-4.2 4.5-10.1 7.1-16.3 7.1C266 384 256 374 256 361.7l0-57.7-96 0c-17.7 0-32-14.3-32-32l0-32c0-17.7 14.3-32 32-32l96 0 0-57.7c0-12.3 10-22.3 22.3-22.3c6.2 0 12.1 2.6 16.3 7.1z\"><\/path><\/svg>\n\t\t\t\t<\/span>\n\t\t\t\t<span class=\"ub_list_item_text\">Die\u00a0nachhaltige, erfolgreiche F\u00f6rderung\u00a0von\u00a0Kindern\u00a0und\u00a0Jugendlichen\u00a0ist unser\u00a0Ziel.<\/span>\n\t\t\t<\/div>\n\t\t\t\n\t\t<\/li>\n<\/ul>\n\n<ul style=\"padding-left: 1.1em; text-align: left; --ub-list-item-icon-top: 3px;; --ub-list-item-icon-size: 0.9em; --ub-list-item-background-image: url('data:image\/svg+xml;utf8,&lt;svg xmlns=&quot;http:\/\/www.w3.org\/2000\/svg&quot; viewBox=&quot;0 0 512 512&quot;&gt;&lt;path fill=&quot;%23000000&quot; d=&quot;M0 256a256 256 0 1 0 512 0A256 256 0 1 0 0 256zM294.6 135.1l99.9 107.1c3.5 3.8 5.5 8.7 5.5 13.8s-2 10.1-5.5 13.8L294.6 376.9c-4.2 4.5-10.1 7.1-16.3 7.1C266 384 256 374 256 361.7l0-57.7-96 0c-17.7 0-32-14.3-32-32l0-32c0-17.7 14.3-32 32-32l96 0 0-57.7c0-12.3 10-22.3 22.3-22.3c6.2 0 12.1 2.6 16.3 7.1z&quot;&gt;&lt;\/path&gt;&lt;\/svg&gt;'); --ub-list-item-fa-li-top: 3px; --ub-list-item-spacing: 0px; column-count: 1; --ub-list-mobile-column-count: 1; \" class=\"wp-block-ub-styled-list ub_styled_list\" id=\"ub_styled_list-0940587c-7dc1-41a1-9327-dd90af5d7714\">\n<li class=\"ub_styled_list_item\" style=\"--ub-list-item-icon-top: 3px; --ub-list-item-icon-size: 0.9em; --ub-list-item-background-image: url('data:image\/svg+xml;utf8,&lt;svg xmlns=&quot;http:\/\/www.w3.org\/2000\/svg&quot; viewBox=&quot;0 0 512 512&quot;&gt;&lt;path fill=&quot;%23000000&quot; d=&quot;M0 256a256 256 0 1 0 512 0A256 256 0 1 0 0 256zM294.6 135.1l99.9 107.1c3.5 3.8 5.5 8.7 5.5 13.8s-2 10.1-5.5 13.8L294.6 376.9c-4.2 4.5-10.1 7.1-16.3 7.1C266 384 256 374 256 361.7l0-57.7-96 0c-17.7 0-32-14.3-32-32l0-32c0-17.7 14.3-32 32-32l96 0 0-57.7c0-12.3 10-22.3 22.3-22.3c6.2 0 12.1 2.6 16.3 7.1z&quot;&gt;&lt;\/path&gt;&lt;\/svg&gt;'); \" id=\"ub-styled-list-item-7b88961e-3c03-4257-9c42-e23420e81d5a\">\n\t\t\t<div class=\"ub_list_item_content\">\n\t\t\t\t<span class=\"ub_list_item_icon\">\n\t\t\t\t\t<svg width=\"0.9em\" height=\"0.9em\" xmlns=\"http:\/\/www.w3.org\/2000\/svg\" viewbox=\"0 0 512 512\"><path fill=\"#000000\" d=\"M0 256a256 256 0 1 0 512 0A256 256 0 1 0 0 256zM294.6 135.1l99.9 107.1c3.5 3.8 5.5 8.7 5.5 13.8s-2 10.1-5.5 13.8L294.6 376.9c-4.2 4.5-10.1 7.1-16.3 7.1C266 384 256 374 256 361.7l0-57.7-96 0c-17.7 0-32-14.3-32-32l0-32c0-17.7 14.3-32 32-32l96 0 0-57.7c0-12.3 10-22.3 22.3-22.3c6.2 0 12.1 2.6 16.3 7.1z\"><\/path><\/svg>\n\t\t\t\t<\/span>\n\t\t\t\t<span class=\"ub_list_item_text\">Wir\u00a0bieten\u00a0Fitness- und\u00a0Gesundheitsangebote\u00a0bis ins\u00a0hohe\u00a0Alter.<\/span>\n\t\t\t<\/div>\n\t\t\t\n\t\t<\/li>\n<\/ul>\n\n<ul style=\"padding-left: 1.1em; text-align: left; --ub-list-item-icon-top: 3px;; --ub-list-item-icon-size: 0.9em; --ub-list-item-background-image: url('data:image\/svg+xml;utf8,&lt;svg xmlns=&quot;http:\/\/www.w3.org\/2000\/svg&quot; viewBox=&quot;0 0 512 512&quot;&gt;&lt;path fill=&quot;%23000000&quot; d=&quot;M0 256a256 256 0 1 0 512 0A256 256 0 1 0 0 256zM294.6 135.1l99.9 107.1c3.5 3.8 5.5 8.7 5.5 13.8s-2 10.1-5.5 13.8L294.6 376.9c-4.2 4.5-10.1 7.1-16.3 7.1C266 384 256 374 256 361.7l0-57.7-96 0c-17.7 0-32-14.3-32-32l0-32c0-17.7 14.3-32 32-32l96 0 0-57.7c0-12.3 10-22.3 22.3-22.3c6.2 0 12.1 2.6 16.3 7.1z&quot;&gt;&lt;\/path&gt;&lt;\/svg&gt;'); --ub-list-item-fa-li-top: 3px; --ub-list-item-spacing: 0px; column-count: 1; --ub-list-mobile-column-count: 1; \" class=\"wp-block-ub-styled-list ub_styled_list\" id=\"ub_styled_list-0e1961f0-8c78-4282-b592-a7fb1d4a9e7a\">\n<li class=\"ub_styled_list_item\" style=\"--ub-list-item-icon-top: 3px; --ub-list-item-icon-size: 0.9em; --ub-list-item-background-image: url('data:image\/svg+xml;utf8,&lt;svg xmlns=&quot;http:\/\/www.w3.org\/2000\/svg&quot; viewBox=&quot;0 0 512 512&quot;&gt;&lt;path fill=&quot;%23000000&quot; d=&quot;M0 256a256 256 0 1 0 512 0A256 256 0 1 0 0 256zM294.6 135.1l99.9 107.1c3.5 3.8 5.5 8.7 5.5 13.8s-2 10.1-5.5 13.8L294.6 376.9c-4.2 4.5-10.1 7.1-16.3 7.1C266 384 256 374 256 361.7l0-57.7-96 0c-17.7 0-32-14.3-32-32l0-32c0-17.7 14.3-32 32-32l96 0 0-57.7c0-12.3 10-22.3 22.3-22.3c6.2 0 12.1 2.6 16.3 7.1z&quot;&gt;&lt;\/path&gt;&lt;\/svg&gt;'); \" id=\"ub-styled-list-item-ae5d9223-72aa-41ac-be1d-25da5e13c94f\">\n\t\t\t<div class=\"ub_list_item_content\">\n\t\t\t\t<span class=\"ub_list_item_icon\">\n\t\t\t\t\t<svg width=\"0.9em\" height=\"0.9em\" xmlns=\"http:\/\/www.w3.org\/2000\/svg\" viewbox=\"0 0 512 512\"><path fill=\"#000000\" d=\"M0 256a256 256 0 1 0 512 0A256 256 0 1 0 0 256zM294.6 135.1l99.9 107.1c3.5 3.8 5.5 8.7 5.5 13.8s-2 10.1-5.5 13.8L294.6 376.9c-4.2 4.5-10.1 7.1-16.3 7.1C266 384 256 374 256 361.7l0-57.7-96 0c-17.7 0-32-14.3-32-32l0-32c0-17.7 14.3-32 32-32l96 0 0-57.7c0-12.3 10-22.3 22.3-22.3c6.2 0 12.1 2.6 16.3 7.1z\"><\/path><\/svg>\n\t\t\t\t<\/span>\n\t\t\t\t<span class=\"ub_list_item_text\">Wir\u00a0sind\u00a0ein\u00a0offener\u00a0und\u00a0toleranter\u00a0Klub, der die Integration\u00a0ausl\u00e4ndischer\u00a0Mitb\u00fcrger\u00a0f\u00f6rdert.\u00a0<\/span>\n\t\t\t<\/div>\n\t\t\t\n\t\t<\/li>\n<\/ul>\n\n<ul style=\"padding-left: 1.1em; text-align: left; --ub-list-item-icon-top: 3px;; --ub-list-item-icon-size: 0.9em; --ub-list-item-background-image: url('data:image\/svg+xml;utf8,&lt;svg xmlns=&quot;http:\/\/www.w3.org\/2000\/svg&quot; viewBox=&quot;0 0 512 512&quot;&gt;&lt;path fill=&quot;%23000000&quot; d=&quot;M0 256a256 256 0 1 0 512 0A256 256 0 1 0 0 256zM294.6 135.1l99.9 107.1c3.5 3.8 5.5 8.7 5.5 13.8s-2 10.1-5.5 13.8L294.6 376.9c-4.2 4.5-10.1 7.1-16.3 7.1C266 384 256 374 256 361.7l0-57.7-96 0c-17.7 0-32-14.3-32-32l0-32c0-17.7 14.3-32 32-32l96 0 0-57.7c0-12.3 10-22.3 22.3-22.3c6.2 0 12.1 2.6 16.3 7.1z&quot;&gt;&lt;\/path&gt;&lt;\/svg&gt;'); --ub-list-item-fa-li-top: 3px; --ub-list-item-spacing: 0px; column-count: 1; --ub-list-mobile-column-count: 1; \" class=\"wp-block-ub-styled-list ub_styled_list\" id=\"ub_styled_list-866ccf6b-ba88-4f2f-8ffb-b1d136b98b90\">\n<li class=\"ub_styled_list_item\" style=\"--ub-list-item-icon-top: 3px; --ub-list-item-icon-size: 0.9em; --ub-list-item-background-image: url('data:image\/svg+xml;utf8,&lt;svg xmlns=&quot;http:\/\/www.w3.org\/2000\/svg&quot; viewBox=&quot;0 0 512 512&quot;&gt;&lt;path fill=&quot;%23000000&quot; d=&quot;M0 256a256 256 0 1 0 512 0A256 256 0 1 0 0 256zM294.6 135.1l99.9 107.1c3.5 3.8 5.5 8.7 5.5 13.8s-2 10.1-5.5 13.8L294.6 376.9c-4.2 4.5-10.1 7.1-16.3 7.1C266 384 256 374 256 361.7l0-57.7-96 0c-17.7 0-32-14.3-32-32l0-32c0-17.7 14.3-32 32-32l96 0 0-57.7c0-12.3 10-22.3 22.3-22.3c6.2 0 12.1 2.6 16.3 7.1z&quot;&gt;&lt;\/path&gt;&lt;\/svg&gt;'); \" id=\"ub-styled-list-item-40d19974-80e5-40ea-902e-4fd95499409c\">\n\t\t\t<div class=\"ub_list_item_content\">\n\t\t\t\t<span class=\"ub_list_item_icon\">\n\t\t\t\t\t<svg width=\"0.9em\" height=\"0.9em\" xmlns=\"http:\/\/www.w3.org\/2000\/svg\" viewbox=\"0 0 512 512\"><path fill=\"#000000\" d=\"M0 256a256 256 0 1 0 512 0A256 256 0 1 0 0 256zM294.6 135.1l99.9 107.1c3.5 3.8 5.5 8.7 5.5 13.8s-2 10.1-5.5 13.8L294.6 376.9c-4.2 4.5-10.1 7.1-16.3 7.1C266 384 256 374 256 361.7l0-57.7-96 0c-17.7 0-32-14.3-32-32l0-32c0-17.7 14.3-32 32-32l96 0 0-57.7c0-12.3 10-22.3 22.3-22.3c6.2 0 12.1 2.6 16.3 7.1z\"><\/path><\/svg>\n\t\t\t\t<\/span>\n\t\t\t\t<span class=\"ub_list_item_text\">Die\u00a0Hassia\u00a0ist\u00a0in Hanau\u00a0seit\u00a0fast 120 Jahren gesellschaftlich\u00a0tief\u00a0verwurzelt.<\/span>\n\t\t\t<\/div>\n\t\t\t\n\t\t<\/li>\n<\/ul>\n\n<ul style=\"padding-left: 1.1em; text-align: left; --ub-list-item-icon-top: 3px;; --ub-list-item-icon-size: 0.9em; --ub-list-item-background-image: url('data:image\/svg+xml;utf8,&lt;svg xmlns=&quot;http:\/\/www.w3.org\/2000\/svg&quot; viewBox=&quot;0 0 512 512&quot;&gt;&lt;path fill=&quot;%23000000&quot; d=&quot;M0 256a256 256 0 1 0 512 0A256 256 0 1 0 0 256zM294.6 135.1l99.9 107.1c3.5 3.8 5.5 8.7 5.5 13.8s-2 10.1-5.5 13.8L294.6 376.9c-4.2 4.5-10.1 7.1-16.3 7.1C266 384 256 374 256 361.7l0-57.7-96 0c-17.7 0-32-14.3-32-32l0-32c0-17.7 14.3-32 32-32l96 0 0-57.7c0-12.3 10-22.3 22.3-22.3c6.2 0 12.1 2.6 16.3 7.1z&quot;&gt;&lt;\/path&gt;&lt;\/svg&gt;'); --ub-list-item-fa-li-top: 3px; --ub-list-item-spacing: 0px; column-count: 1; --ub-list-mobile-column-count: 1; \" class=\"wp-block-ub-styled-list ub_styled_list\" id=\"ub_styled_list-e0913b26-3365-4b9b-85d3-f4b51870af14\">\n<li class=\"ub_styled_list_item\" style=\"--ub-list-item-icon-top: 3px; --ub-list-item-icon-size: 0.9em; --ub-list-item-background-image: url('data:image\/svg+xml;utf8,&lt;svg xmlns=&quot;http:\/\/www.w3.org\/2000\/svg&quot; viewBox=&quot;0 0 512 512&quot;&gt;&lt;path fill=&quot;%23000000&quot; d=&quot;M0 256a256 256 0 1 0 512 0A256 256 0 1 0 0 256zM294.6 135.1l99.9 107.1c3.5 3.8 5.5 8.7 5.5 13.8s-2 10.1-5.5 13.8L294.6 376.9c-4.2 4.5-10.1 7.1-16.3 7.1C266 384 256 374 256 361.7l0-57.7-96 0c-17.7 0-32-14.3-32-32l0-32c0-17.7 14.3-32 32-32l96 0 0-57.7c0-12.3 10-22.3 22.3-22.3c6.2 0 12.1 2.6 16.3 7.1z&quot;&gt;&lt;\/path&gt;&lt;\/svg&gt;'); \" id=\"ub-styled-list-item-b382ae0a-4ee3-476a-9a5b-8140c21f31ac\">\n\t\t\t<div class=\"ub_list_item_content\">\n\t\t\t\t<span class=\"ub_list_item_icon\">\n\t\t\t\t\t<svg width=\"0.9em\" height=\"0.9em\" xmlns=\"http:\/\/www.w3.org\/2000\/svg\" viewbox=\"0 0 512 512\"><path fill=\"#000000\" d=\"M0 256a256 256 0 1 0 512 0A256 256 0 1 0 0 256zM294.6 135.1l99.9 107.1c3.5 3.8 5.5 8.7 5.5 13.8s-2 10.1-5.5 13.8L294.6 376.9c-4.2 4.5-10.1 7.1-16.3 7.1C266 384 256 374 256 361.7l0-57.7-96 0c-17.7 0-32-14.3-32-32l0-32c0-17.7 14.3-32 32-32l96 0 0-57.7c0-12.3 10-22.3 22.3-22.3c6.2 0 12.1 2.6 16.3 7.1z\"><\/path><\/svg>\n\t\t\t\t<\/span>\n\t\t\t\t<span class=\"ub_list_item_text\">Der Verein\u00a0wird\u00a0ehrenamtlich\u00a0und\u00a0finanziell\u00a0seit\u00a0jeher stabil\u00a0gef\u00fchrt.<\/span>\n\t\t\t<\/div>\n\t\t\t\n\t\t<\/li>\n<\/ul>\n\n\n<p><\/p>\n<\/div>\n\n\n\n<div class=\"wp-block-columns is-layout-flex wp-container-core-columns-is-layout-9d6595d7 wp-block-columns-is-layout-flex\">\n<div class=\"wp-block-column is-layout-flow wp-block-column-is-layout-flow\" style=\"flex-basis:100%\"><\/div>\n<\/div>\n\n\n\n<p><\/p>\n\n\n\n<p><\/p>\n\n\n\n<p class=\"has-x-large-font-size\" style=\"font-style:italic;font-weight:800\"><strong>Unsere gemeinsame Vision: Olympia<\/strong><\/p>\n\n\n<div class=\"wp-block-image\">\n<figure class=\"alignright size-full is-resized\"><img loading=\"lazy\" decoding=\"async\" src=\"https:\/\/ruderclub-hassia.de\/wp-content\/uploads\/2023\/07\/IMG_1650.jpg\" alt=\"\" class=\"wp-image-1826\" style=\"width:359px;height:449px\" width=\"359\" height=\"449\"\/><\/figure>\n<\/div>\n\n\n<p style=\"font-style:normal;font-weight:100\">Die Hassia hat allein in den vergangen zehn Jahren etwa 50-mal an internationalen Meisterschaften teilgenommen. Wir verf\u00fcgen \u00fcber einen erstklassigen Bootspark. In unserem 100 Jahre alten Bootshaus finden Sportlerinnen und Sportler moderne Trainingsvoraussetzungen. Aber, &#8230;<\/p>\n\n\n\n<p class=\"has-medium-font-size\" style=\"font-style:normal;font-weight:300\">WIR WOLLEN MEHR!<\/p>\n\n\n\n<p style=\"font-style:normal;font-weight:100\">Lassen sie uns gemeinsam den Sprung schaffen in die absolute internationale Spitze. Schaffen Sie mit uns die Voraussetzungen f\u00fcr eine erneute Olympia-Teilnahme eines Hanauer Talents. Vielleicht schon 2028 in Los Angeles \/ USA.<\/p>\n\n\n\n<p class=\"has-medium-font-size\" style=\"font-style:italic;font-weight:900\"><strong>360-Grad-Jugendf\u00f6rderung &#8211; wir \u00fcbernehmen gesellschaftliche Verantwortung<\/strong><\/p>\n\n\n\n<p style=\"font-style:normal;font-weight:100\">Unser aller Ziel ist nicht der kurzfristige, werbewirksame Erfolg, der vor allem in anderen&nbsp;publikumsst\u00e4rkeren&nbsp;Sportarten oft viel Geld vernichtet. Wir setzen unsere Mittel bewusst und gezielt ein, um langfristig wieder und wieder das f\u00fcr uns Wichtigste zu erreichen: Junge Menschen aus unserer Stadt und der Umgebung sportlich zu f\u00f6rdern und ihnen im engen, t\u00e4glichen Austausch auch unsere Werte wie Toleranz, Offenheit, aber auch Umweltbewusstsein zu vermitteln. <\/p>\n\n\n\n<p class=\"has-medium-font-size\" style=\"font-style:italic;font-weight:900\"><strong>Wir &#8211; ein Team mit Reichweite<\/strong><\/p>\n\n\n\n<p style=\"font-style:normal;font-weight:100\">Lassen Sie uns gemeinsam daf\u00fcr sorgen, dass die Jugend von heute die Werkzeuge und Chancen erh\u00e4lt, um zu gesunden, verantwortungsbewussten und erfolgreichen Erwachsenen heranzuwachsen. Indem wir die Jugendf\u00f6rderung und das Ehrenamt im Sport unterst\u00fctzen, investieren wir in unsere Zukunft. Im Gegenzug bringt der Erfolg der Hassia schon jetzt Reichweite und Pr\u00e4senz in attraktiven Zielgruppen. Nutzen sie unsere monatlich sechsstelligen Aufrufe von Hassia-Inhalten auf Sozialen Medien. <\/p>\n\n\n\n<p class=\"has-medium-font-size\" style=\"font-style:italic;font-weight:900\"><strong>Gehen Sie, Ihre Marke oder Ihr Logo mit unseren Sportlerinnen und Sportlern auf Deutschland-, Europa- oder gar Weltreise. <\/strong><\/p>\n\n\n\n<p style=\"font-style:normal;font-weight:100\">Werden Sie gleichzeitig Teil eines regionalen Netzwerkes oder bieten Sie ihren Mitarbeitern zusammen mit uns spannende Erlebnisse &#8211;  von der Firmenfeier im schicken Bootshaus-Restaurant bis zum motivierenden Team-Event auf dem Main.<\/p>\n\n\n\n<p class=\"has-large-font-size\"><strong>Rudern ist Mannschaftssport. Werden Sie Teil der Hassia-Familie. Werden Sie Partner des Sports. <\/strong><\/p>\n\n\n\n<figure class=\"wp-block-image size-full\"><img loading=\"lazy\" decoding=\"async\" width=\"2560\" height=\"892\" src=\"https:\/\/ruderclub-hassia.de\/wp-content\/uploads\/2023\/08\/IMG_1909-2-scaled.jpg\" alt=\"\" class=\"wp-image-2071\" srcset=\"https:\/\/ruderclub-hassia.de\/wp-content\/uploads\/2023\/08\/IMG_1909-2-scaled.jpg 2560w, https:\/\/ruderclub-hassia.de\/wp-content\/uploads\/2023\/08\/IMG_1909-2-300x105.jpg 300w, https:\/\/ruderclub-hassia.de\/wp-content\/uploads\/2023\/08\/IMG_1909-2-1024x357.jpg 1024w, https:\/\/ruderclub-hassia.de\/wp-content\/uploads\/2023\/08\/IMG_1909-2-768x268.jpg 768w, https:\/\/ruderclub-hassia.de\/wp-content\/uploads\/2023\/08\/IMG_1909-2-1536x535.jpg 1536w, https:\/\/ruderclub-hassia.de\/wp-content\/uploads\/2023\/08\/IMG_1909-2-2048x714.jpg 2048w\" sizes=\"auto, (max-width: 2560px) 100vw, 2560px\" \/><\/figure>\n\n\n\n<p class=\"has-medium-font-size\"><strong>Gemeinsam entwickeln wir mit Ihnen die Philosophie f\u00fcr eine erfolgreiche und individuelle Partnerschaft.<\/strong><\/p>\n\n\n\n<p class=\"has-text-align-left has-medium-font-size\"><strong>#MainErfolgsverein<\/strong><\/p>\n\n\n\n<p class=\"has-medium-font-size\" style=\"font-style:normal;font-weight:400\">Kontakt: <\/p>\n\n\n\n<p class=\"has-medium-font-size\">Holger Kliem \/ marketing@ruderclub-hassia.de<\/p>\n\n\n\n<p style=\"font-style:normal;font-weight:200\">Hier finden Sie unsere Sponsoren-Mappe und ein Exemplar unseres Mitglieder-Newsletters zum Download.<\/p>\n\n\n\n<div data-wp-interactive=\"core\/file\" class=\"wp-block-file\"><object data-wp-bind--hidden=\"!state.hasPdfPreview\" hidden class=\"wp-block-file__embed\" data=\"https:\/\/ruderclub-hassia.de\/wp-content\/uploads\/2023\/08\/Hassia_Praesentation.pdf\" type=\"application\/pdf\" style=\"width:100%;height:600px\" aria-label=\"Einbettung von &lt;strong&gt;Hassia_Praesentation&lt;\/strong&gt;.\"><\/object><a id=\"wp-block-file--media-0b9f2cb0-6bb8-4647-8919-36222a42c002\" href=\"https:\/\/ruderclub-hassia.de\/wp-content\/uploads\/2023\/08\/Hassia_Praesentation.pdf\"><strong>Hassia_Praesentation<\/strong><\/a><a href=\"https:\/\/ruderclub-hassia.de\/wp-content\/uploads\/2023\/08\/Hassia_Praesentation.pdf\" class=\"wp-block-file__button wp-element-button\" download aria-describedby=\"wp-block-file--media-0b9f2cb0-6bb8-4647-8919-36222a42c002\">Herunterladen<\/a><\/div>\n\n\n\n<p><\/p>\n\n\n\n<p><\/p>\n\n\n\n<p><\/p>\n\n\n\n<div data-wp-interactive=\"core\/file\" class=\"wp-block-file\"><object data-wp-bind--hidden=\"!state.hasPdfPreview\" hidden class=\"wp-block-file__embed\" data=\"https:\/\/ruderclub-hassia.de\/wp-content\/uploads\/2023\/08\/HassiaNachrichten_RiemenSkulls_62023.pdf\" type=\"application\/pdf\" style=\"width:100%;height:600px\" aria-label=\"Einbettung von &lt;strong&gt;HassiaNachrichten_RiemenSkulls_62023&lt;\/strong&gt;.\"><\/object><a id=\"wp-block-file--media-35ea3c42-c2f3-4c6d-ae09-176105fe2fda\" href=\"https:\/\/ruderclub-hassia.de\/wp-content\/uploads\/2023\/08\/HassiaNachrichten_RiemenSkulls_62023.pdf\"><strong>HassiaNachrichten_RiemenSkulls_62023<\/strong><\/a><a href=\"https:\/\/ruderclub-hassia.de\/wp-content\/uploads\/2023\/08\/HassiaNachrichten_RiemenSkulls_62023.pdf\" class=\"wp-block-file__button wp-element-button\" download aria-describedby=\"wp-block-file--media-35ea3c42-c2f3-4c6d-ae09-176105fe2fda\">Herunterladen<\/a><\/div>\n\n\n\n<p><\/p>\n","protected":false},"excerpt":{"rendered":"<p>&#8222;VISION OLYMPIA&#8220; &#8211; WERDEN SIE PARTNER DES ERFOLGS GEMEINSAM HANAUS JUGEND F\u00d6RDERN \/ GESELLSCHAFTLICHE WERTE SCHAFFEN Weltmeister oder Olympiateilnehmer aus Hanau brauchen nicht immer einen Ball am Fu\u00df. Rudern ist [&hellip;]<\/p>\n","protected":false},"author":1,"featured_media":2012,"parent":0,"menu_order":0,"comment_status":"closed","ping_status":"closed","template":"","meta":{"footnotes":""},"class_list":["post-2011","page","type-page","status-publish","has-post-thumbnail","hentry"],"featured_image_src":"https:\/\/ruderclub-hassia.de\/wp-content\/uploads\/2023\/08\/DSC_1632-scaled-e1692789308212.jpg","_links":{"self":[{"href":"https:\/\/ruderclub-hassia.de\/index.php?rest_route=\/wp\/v2\/pages\/2011","targetHints":{"allow":["GET"]}}],"collection":[{"href":"https:\/\/ruderclub-hassia.de\/index.php?rest_route=\/wp\/v2\/pages"}],"about":[{"href":"https:\/\/ruderclub-hassia.de\/index.php?rest_route=\/wp\/v2\/types\/page"}],"author":[{"embeddable":true,"href":"https:\/\/ruderclub-hassia.de\/index.php?rest_route=\/wp\/v2\/users\/1"}],"replies":[{"embeddable":true,"href":"https:\/\/ruderclub-hassia.de\/index.php?rest_route=%2Fwp%2Fv2%2Fcomments&post=2011"}],"version-history":[{"count":48,"href":"https:\/\/ruderclub-hassia.de\/index.php?rest_route=\/wp\/v2\/pages\/2011\/revisions"}],"predecessor-version":[{"id":2118,"href":"https:\/\/ruderclub-hassia.de\/index.php?rest_route=\/wp\/v2\/pages\/2011\/revisions\/2118"}],"wp:featuredmedia":[{"embeddable":true,"href":"https:\/\/ruderclub-hassia.de\/index.php?rest_route=\/wp\/v2\/media\/2012"}],"wp:attachment":[{"href":"https:\/\/ruderclub-hassia.de\/index.php?rest_route=%2Fwp%2Fv2%2Fmedia&parent=2011"}],"curies":[{"name":"wp","href":"https:\/\/api.w.org\/{rel}","templated":true}]}}