{"id":7,"date":"2022-10-22T15:18:03","date_gmt":"2022-10-22T15:18:03","guid":{"rendered":"https:\/\/ruderclub-hassia.de\/?page_id=7"},"modified":"2023-08-27T13:15:15","modified_gmt":"2023-08-27T11:15:15","slug":"hassia","status":"publish","type":"page","link":"https:\/\/ruderclub-hassia.de\/","title":{"rendered":"Hassia"},"content":{"rendered":"\n<p>Die Hassia f\u00f6rdert aus ihrer Tradition heraus sowohl den Leistungs- als auch den Breitensport:<\/p>\n\n\n\n<p>Unsere Leistungssportler*innen waren und sind auf vielen nationalen und internationalen Meisterschaften siegreich. Unsere Breitensportler*innen sind 10 bis 90 Jahre alt. Bei ihnen stehen Fitness, Gesundheit, Spa\u00df und Geselligkeit im Vordergrund. Die gute Ausbildung aller Mitglieder ist uns ein wichtiges Anliegen. Viele gut ausgebildete Trainer*innen stehen hier zur Verf\u00fcgung.<\/p>\n\n\n\n<p>Wir rudern auf dem Main zwischen den Schleusen Gro\u00dfkrotzenburg und Kesselstadt. Auf unseren ein- und mehrt\u00e4gigen Wanderfahrten sind wir auch auf den Fl\u00fcssen und Seen in ganz Deutschland unterwegs. Das Hassia-Bootshaus ist unsere Heimat- und Trainingsst\u00e4tte. Hier findest du einen umfangreichen Bootspark &#8211; vom Einer bis zum Achter, vom Ausbildungs- bis zum &#8222;Hightech- Boot&#8220;, einen Ergo- und Kraftraum und modernste Umkleide und Duschr\u00e4ume.<\/p>\n\n\n\n<p>Die F\u00f6rderung der Jugend ist das erkl\u00e4rte Ziel unseres Clubs! Kinder k\u00f6nnen mit etwa zehn Jahren mit dem Rudern beginnen und mit elf oder zw\u00f6lf die ersten Regatten fahren. Gerudert wird in den Bootsklassen Einer, Zweier, Vierer und ab den Junioren auch im Achter.<\/p>\n\n\n\n<p>Unser Club wird ehrenamtlich gef\u00fchrt und verwaltet. Auch darauf sind wir sehr stolz. Die Beitr\u00e4ge verwenden wir \u00fcberwiegend f\u00fcr den Ruderbetrieb, die Ausbildung und Betreuung unserer Mitglieder, den Erhalt unseres Bootshauses sowie f\u00fcr die Wartung unseres Bootsparks. Die Hassia vertritt den Grundsatz religi\u00f6ser und weltanschaulicher Toleranz sowie parteipolitischer Neutralit\u00e4t. Sie f\u00f6rdert die soziale Integration ausl\u00e4ndischer Mitb\u00fcrger. Die Hassia tritt extremistischen, rassistischen und fremdenfeindlichen Bestrebungen sowie sexueller Diskriminierung entschieden entgegen. Wir w\u00fcrden uns freuen, dich in unseren Reihen begr\u00fc\u00dfen zu k\u00f6nnen.<\/p>\n\n\n\n<p>Informationen zur Mitgliedschaft findest du unten auf der Seite unter dem Punkt &#8222;Mitgliedschaft&#8220;.<\/p>\n","protected":false},"excerpt":{"rendered":"<p>Die Hassia f\u00f6rdert aus ihrer Tradition heraus sowohl den Leistungs- als auch den Breitensport: Unsere Leistungssportler*innen waren und sind auf vielen nationalen und internationalen Meisterschaften siegreich. Unsere Breitensportler*innen sind 10 [&hellip;]<\/p>\n","protected":false},"author":1,"featured_media":0,"parent":0,"menu_order":0,"comment_status":"closed","ping_status":"closed","template":"","meta":{"footnotes":""},"class_list":["post-7","page","type-page","status-publish","hentry"],"featured_image_src":null,"_links":{"self":[{"href":"https:\/\/ruderclub-hassia.de\/index.php?rest_route=\/wp\/v2\/pages\/7","targetHints":{"allow":["GET"]}}],"collection":[{"href":"https:\/\/ruderclub-hassia.de\/index.php?rest_route=\/wp\/v2\/pages"}],"about":[{"href":"https:\/\/ruderclub-hassia.de\/index.php?rest_route=\/wp\/v2\/types\/page"}],"author":[{"embeddable":true,"href":"https:\/\/ruderclub-hassia.de\/index.php?rest_route=\/wp\/v2\/users\/1"}],"replies":[{"embeddable":true,"href":"https:\/\/ruderclub-hassia.de\/index.php?rest_route=%2Fwp%2Fv2%2Fcomments&post=7"}],"version-history":[{"count":9,"href":"https:\/\/ruderclub-hassia.de\/index.php?rest_route=\/wp\/v2\/pages\/7\/revisions"}],"predecessor-version":[{"id":2080,"href":"https:\/\/ruderclub-hassia.de\/index.php?rest_route=\/wp\/v2\/pages\/7\/revisions\/2080"}],"wp:attachment":[{"href":"https:\/\/ruderclub-hassia.de\/index.php?rest_route=%2Fwp%2Fv2%2Fmedia&parent=7"}],"curies":[{"name":"wp","href":"https:\/\/api.w.org\/{rel}","templated":true}]}}